{"id":9902,"date":"2025-07-11T10:58:58","date_gmt":"2025-07-11T10:58:58","guid":{"rendered":"https:\/\/digicomcorporation.com\/?page_id=9902"},"modified":"2025-08-06T13:37:07","modified_gmt":"2025-08-06T13:37:07","slug":"halo-france","status":"publish","type":"page","link":"https:\/\/digicomcorporation.com\/fr\/expertises\/halo-france\/","title":{"rendered":"Halo France"},"content":{"rendered":"<p><img decoding=\"async\" src=\"\/wp-content\/uploads\/2025\/07\/HALO-France-Partenaire.svg\" alt=\"Halo\"><\/p>\n<div>\n<p>La <strong>plateforme<\/strong> tout-en-un qui red\u00e9finit la <strong>gestion des services et des op\u00e9rations IT<\/strong>.<\/p>\n<\/div>\n<h1>Digicom, le partenaire officiel HaloITSM et HaloPSA en France<\/h1>\n<div>\n<p>D\u00e9couvrez la plateforme unifi\u00e9e pens\u00e9e pour transformer votre mani\u00e8re de travailler. Con\u00e7ue pour les entreprises modernes, elle associe automatisation intelligente des <strong>workflows<\/strong>, simplicit\u00e9 <strong>no-code<\/strong> et solutions cl\u00e9s en main pour \u00e9tablir un nouveau standard de performance. Avec <a href=\"https:\/\/digicomcorporation.com\/fr\/expertises\/halo-france\/halo-itsm-france\/\"><strong>HaloITSM<\/strong><\/a> et <a href=\"https:\/\/digicomcorporation.com\/fr\/expertises\/halo-france\/halo-psa-france\/\"><strong>HaloPSA<\/strong><\/a>, optimisez la<strong> gestion de vos services IT<\/strong> et la livraison de projets, tout en garantissant une exp\u00e9rience fluide et efficace.<\/p>\n<\/div>\n<div>\n<p>    <video class=\"elementor-video\" src=\"https:\/\/digicomcorporation.com\/ressources\/Halo-Animation-Partenaire-France.mp4\" autoplay=\"\" loop=\"\" muted=\"muted\" playsinline=\"\" controlslist=\"nodownload\"><\/video>\n<\/div>\n<h2>HaloITSM<\/h2>\n<div>\n<p><strong>HaloITSM<\/strong> : la solution unifi\u00e9e de <strong>gestion des services<\/strong>, repens\u00e9e pour les entreprises exigeant des r\u00e9sultats de premier ordre.<\/p>\n<\/div>\n<p><img decoding=\"async\" src=\"\/wp-content\/uploads\/2025\/07\/Halo-ITSM-France-Partner-Overview.webp\" alt=\"\"><\/p>\n<p>\n    <a href=\"\/fr\/expertises\/halo-france\/halo-itsm-france\/\">D\u00e9couvrir HaloITSM<\/a>\n<\/p>\n<h2>HaloPSA<\/h2>\n<div>\n<p><strong>HaloPSA<\/strong> : la solution PSA intuitive et tout-en-un, con\u00e7ue pour transformer et moderniser la prestation des <strong>services IT manag\u00e9s<\/strong>.<\/p>\n<\/div>\n<p><img decoding=\"async\" src=\"\/wp-content\/uploads\/2025\/07\/Halo-PSA-France-Partner-Overview.webp\" alt=\"\"><\/p>\n<p>\n    <a href=\"\/fr\/expertises\/halo-france\/halo-psa-france\/\">D\u00e9couvrir HaloPSA<\/a>\n<\/p>\n<h2>Halo, la r\u00e9f\u00e9rence mondiale en gestion des services IT.<\/h2>\n<div>\n<p>Plus de <strong>5 000<\/strong> organisations dans plus de <strong>100<\/strong> pays s\u2019appuient sur Halo pour atteindre des r\u00e9sultats exceptionnels. La plateforme qui transforme la mani\u00e8re dont les entreprises travaillent et d\u00e9livrent leurs services.<\/p>\n<\/div>\n<ul>\n<li>\n<p>        <img decoding=\"async\" src=\"\/wp-content\/uploads\/2025\/07\/Halo-client-Mclaren.webp\" alt=\"\"><\/p>\n<\/li>\n<li>\n<p>        <img decoding=\"async\" src=\"\/wp-content\/uploads\/2025\/07\/Halo-client-TSG.webp\" alt=\"\"><\/p>\n<\/li>\n<li>\n<p>        <img decoding=\"async\" src=\"\/wp-content\/uploads\/2025\/07\/Halo-client-Suzuki.webp\" alt=\"\"><\/p>\n<\/li>\n<li>\n<p>        <img decoding=\"async\" src=\"\/wp-content\/uploads\/2025\/07\/Halo-client-Cardiff.webp\" alt=\"\"><\/p>\n<\/li>\n<\/ul>\n<h2><span style=\"color: white;\">Halo reconnu par Gartner\u00ae<\/span><\/h2>\n<div><font color=\"white\">Halo a \u00e9t\u00e9 cit\u00e9 dans le rapport Gartner\u00ae Market Guide\u2122 2025 pour les <strong>plateformes de gestion des services IT<\/strong> (ITSM).<\/font><\/div>\n<p><!--more--><br \/>\n<!-- {\"type\":\"layout\",\"children\":[{\"type\":\"section\",\"props\":{\"style\":\"default\",\"width\":\"default\",\"vertical_align\":\"middle\",\"title_position\":\"top-left\",\"title_rotation\":\"left\",\"title_breakpoint\":\"xl\",\"image_position\":\"center-center\"},\"children\":[{\"type\":\"row\",\"props\":{\"layout\":\"1-2,1-2\"},\"children\":[{\"type\":\"column\",\"props\":{\"position_sticky_breakpoint\":\"m\",\"image_position\":\"center-center\",\"media_overlay_gradient\":\"\",\"width_medium\":\"1-2\"},\"children\":[{\"type\":\"image\",\"props\":{\"margin\":\"default\",\"image_svg_color\":\"emphasis\",\"image\":\"wp-content\\\/uploads\\\/2025\\\/07\\\/HALO-France-Partenaire.svg\",\"image_width\":\"200\",\"text_align\":\"left\",\"image_alt\":\"Halo\"}},{\"type\":\"text\",\"props\":{\"margin\":\"default\",\"column_breakpoint\":\"m\",\"text_style\":\"meta\",\"content\":\"\n\n<p>La <strong>plateforme<\\\/strong> tout-en-un qui red\\u00e9finit la <strong>gestion des services et des op\\u00e9rations IT<\\\/strong>.<\\\/p>\"}},{\"type\":\"headline\",\"props\":{\"title_element\":\"h1\",\"content\":\"Digicom, le partenaire officiel HaloITSM et HaloPSA en France\",\"title_style\":\"h4\"}},{\"type\":\"text\",\"props\":{\"margin\":\"default\",\"column_breakpoint\":\"m\",\"text_style\":\"meta\",\"content\":\"\n\n<p>D\\u00e9couvrez la plateforme unifi\\u00e9e pens\\u00e9e pour transformer votre mani\\u00e8re de travailler. Con\\u00e7ue pour les entreprises modernes, elle associe automatisation intelligente des <strong>workflows<\\\/strong>, simplicit\\u00e9 <strong>no-code<\\\/strong> et solutions cl\\u00e9s en main pour \\u00e9tablir un nouveau standard de performance. Avec <a href=\\\"https:\\\/\\\/digicomcorporation.com\\\/fr\\\/expertises\\\/halo-france\\\/halo-itsm-france\\\/\\\"><strong>HaloITSM<\\\/strong><\\\/a> et <a href=\\\"https:\\\/\\\/digicomcorporation.com\\\/fr\\\/expertises\\\/halo-france\\\/halo-psa-france\\\/\\\"><strong>HaloPSA<\\\/strong><\\\/a>, optimisez la<strong> gestion de vos services IT<\\\/strong> et la livraison de projets, tout en garantissant une exp\\u00e9rience fluide et efficace.<\\\/p>\"}}]},{\"type\":\"column\",\"props\":{\"position_sticky_breakpoint\":\"m\",\"image_position\":\"center-center\",\"media_overlay_gradient\":\"\",\"width_medium\":\"1-2\"},\"children\":[{\"type\":\"html\",\"props\":{\"content\":\"<video class=\\\"elementor-video\\\" src=\\\"https:\\\/\\\/digicomcorporation.com\\\/ressources\\\/Halo-Animation-Partenaire-France.mp4\\\" autoplay=\\\"\\\" loop=\\\"\\\" muted=\\\"muted\\\" playsinline=\\\"\\\" controlslist=\\\"nodownload\\\"><\\\/video>\"}}]}]}]},{\"type\":\"section\",\"props\":{\"style\":\"muted\",\"width\":\"default\",\"vertical_align\":\"middle\",\"title_position\":\"top-left\",\"title_rotation\":\"left\",\"title_breakpoint\":\"xl\",\"image_position\":\"center-center\"},\"children\":[{\"type\":\"row\",\"props\":{\"layout\":\"1-2,1-2\"},\"children\":[{\"type\":\"column\",\"props\":{\"position_sticky_breakpoint\":\"m\",\"image_position\":\"center-center\",\"media_overlay_gradient\":\"\",\"width_medium\":\"1-2\"},\"children\":[{\"type\":\"headline\",\"props\":{\"title_element\":\"h2\",\"content\":\"HaloITSM\",\"title_style\":\"h2\"}},{\"type\":\"text\",\"props\":{\"margin\":\"default\",\"column_breakpoint\":\"m\",\"text_style\":\"meta\",\"content\":\"\n\n<p><strong>HaloITSM<\\\/strong> : la solution unifi\\u00e9e de <strong>gestion des services<\\\/strong>, repens\\u00e9e pour les entreprises exigeant des r\\u00e9sultats de premier ordre.<\\\/p>\"}},{\"type\":\"image\",\"props\":{\"margin\":\"default\",\"image_svg_color\":\"emphasis\",\"image\":\"wp-content\\\/uploads\\\/2025\\\/07\\\/Halo-ITSM-France-Partner-Overview.webp\"}},{\"type\":\"button\",\"props\":{\"grid_column_gap\":\"small\",\"grid_row_gap\":\"small\",\"margin\":\"default\",\"text_align\":\"center\"},\"children\":[{\"type\":\"button_item\",\"props\":{\"button_style\":\"default\",\"icon_align\":\"left\",\"content\":\"D\\u00e9couvrir HaloITSM\",\"link\":\"fr\\\/expertises\\\/halo-france\\\/halo-itsm-france\\\/\"}}]}]},{\"type\":\"column\",\"props\":{\"position_sticky_breakpoint\":\"m\",\"image_position\":\"center-center\",\"media_overlay_gradient\":\"\",\"width_medium\":\"1-2\"},\"children\":[{\"type\":\"headline\",\"props\":{\"title_element\":\"h2\",\"content\":\"HaloPSA\",\"title_style\":\"h2\"}},{\"type\":\"text\",\"props\":{\"margin\":\"default\",\"column_breakpoint\":\"m\",\"text_style\":\"meta\",\"content\":\"\n\n<p><strong>HaloPSA<\\\/strong> : la solution PSA intuitive et tout-en-un, con\\u00e7ue pour transformer et moderniser la prestation des <strong>services IT manag\\u00e9s<\\\/strong>.<\\\/p>\"}},{\"type\":\"image\",\"props\":{\"margin\":\"default\",\"image_svg_color\":\"emphasis\",\"image\":\"wp-content\\\/uploads\\\/2025\\\/07\\\/Halo-PSA-France-Partner-Overview.webp\"}},{\"type\":\"button\",\"props\":{\"grid_column_gap\":\"small\",\"grid_row_gap\":\"small\",\"margin\":\"default\",\"text_align\":\"center\"},\"children\":[{\"type\":\"button_item\",\"props\":{\"button_style\":\"default\",\"icon_align\":\"left\",\"content\":\"D\\u00e9couvrir HaloPSA\",\"link\":\"fr\\\/expertises\\\/halo-france\\\/halo-psa-france\\\/\"}}]}]}]}]},{\"type\":\"section\",\"props\":{\"style\":\"default\",\"width\":\"default\",\"vertical_align\":\"middle\",\"title_position\":\"top-left\",\"title_rotation\":\"left\",\"title_breakpoint\":\"xl\",\"image_position\":\"center-center\"},\"children\":[{\"type\":\"row\",\"children\":[{\"type\":\"column\",\"props\":{\"position_sticky_breakpoint\":\"m\",\"image_position\":\"center-center\",\"media_overlay_gradient\":\"\"},\"children\":[{\"type\":\"headline\",\"props\":{\"title_element\":\"h2\",\"content\":\"Halo, la r\\u00e9f\\u00e9rence mondiale en gestion des services IT.\",\"title_style\":\"h4\"}},{\"type\":\"text\",\"props\":{\"margin\":\"default\",\"column_breakpoint\":\"m\",\"text_style\":\"meta\",\"content\":\"\n\n<p>Plus de <strong>5 000<\\\/strong> organisations dans plus de <strong>100<\\\/strong> pays s\\u2019appuient sur Halo pour atteindre des r\\u00e9sultats exceptionnels. La plateforme qui transforme la mani\\u00e8re dont les entreprises travaillent et d\\u00e9livrent leurs services.<\\\/p>\"}},{\"type\":\"gallery\",\"props\":{\"show_title\":true,\"show_meta\":true,\"show_content\":true,\"show_link\":true,\"show_hover_image\":true,\"grid_default\":\"1\",\"grid_medium\":\"4\",\"filter_style\":\"tab\",\"filter_all\":true,\"filter_position\":\"top\",\"filter_align\":\"left\",\"filter_grid_width\":\"auto\",\"filter_grid_breakpoint\":\"m\",\"overlay_mode\":\"cover\",\"overlay_hover\":true,\"overlay_style\":\"overlay-primary\",\"text_color\":\"light\",\"overlay_position\":\"center\",\"overlay_transition\":\"fade\",\"title_hover_style\":\"reset\",\"title_element\":\"h3\",\"meta_style\":\"meta\",\"meta_align\":\"below-title\",\"meta_element\":\"div\",\"link_text\":\"Read more\",\"link_style\":\"default\",\"text_align\":\"center\",\"margin\":\"default\",\"item_animation\":true,\"grid_small\":\"2\"},\"children\":[{\"type\":\"gallery_item\",\"props\":{\"image\":\"wp-content\\\/uploads\\\/2025\\\/07\\\/Halo-client-Mclaren.webp\"}},{\"type\":\"gallery_item\",\"props\":{\"image\":\"wp-content\\\/uploads\\\/2025\\\/07\\\/Halo-client-TSG.webp\"}},{\"type\":\"gallery_item\",\"props\":{\"image\":\"wp-content\\\/uploads\\\/2025\\\/07\\\/Halo-client-Suzuki.webp\"}},{\"type\":\"gallery_item\",\"props\":{\"image\":\"wp-content\\\/uploads\\\/2025\\\/07\\\/Halo-client-Cardiff.webp\"}}]}]}]}]},{\"type\":\"section\",\"props\":{\"style\":\"default\",\"width\":\"default\",\"vertical_align\":\"middle\",\"title_position\":\"top-left\",\"title_rotation\":\"left\",\"title_breakpoint\":\"xl\",\"image_position\":\"top-right\",\"image\":\"wp-content\\\/uploads\\\/2025\\\/07\\\/footer_iso_fix-1536x993-1.webp\",\"image_size\":\"height-1-1\",\"media_background\":\"hsl(195, 78%, 14%)\"},\"children\":[{\"type\":\"row\",\"children\":[{\"type\":\"column\",\"props\":{\"position_sticky_breakpoint\":\"m\",\"image_position\":\"center-center\",\"media_overlay_gradient\":\"\"},\"children\":[{\"type\":\"headline\",\"props\":{\"title_element\":\"h2\",\"content\":\"<span style=\\\"color: white;\\\">Halo reconnu par Gartner\\u00ae<\\\/span>\",\"title_style\":\"h4\"}},{\"type\":\"text\",\"props\":{\"margin\":\"default\",\"column_breakpoint\":\"m\",\"text_style\":\"meta\",\"content\":\"<font color=\\\"white\\\">Halo a \\u00e9t\\u00e9 cit\\u00e9 dans le rapport Gartner\\u00ae Market Guide\\u2122 2025 pour les <strong>plateformes de gestion des services IT<\\\/strong> (ITSM).<\\\/font>\"}}]}]}]},{\"type\":\"section\",\"props\":{\"style\":\"default\",\"width\":\"default\",\"vertical_align\":\"middle\",\"title_position\":\"top-left\",\"title_rotation\":\"left\",\"title_breakpoint\":\"xl\",\"image_position\":\"center-center\",\"status\":\"disabled\"},\"children\":[{\"type\":\"row\",\"children\":[{\"type\":\"column\",\"props\":{\"position_sticky_breakpoint\":\"m\",\"image_position\":\"center-center\",\"media_overlay_gradient\":\"\"},\"children\":[{\"type\":\"headline\",\"props\":{\"title_element\":\"h2\",\"content\":\"Transformez votre mani\\u00e8re de travailler, d\\u00e8s aujourd\\u2019hui.\",\"title_style\":\"h4\"}},{\"type\":\"text\",\"props\":{\"margin\":\"default\",\"column_breakpoint\":\"m\",\"text_style\":\"meta\",\"content\":\"\n\n<p>Essayez Halo gratuitement \\u2013 sans engagement, juste des r\\u00e9sultats.<\\\/p>\"}}]}]},{\"type\":\"row\",\"props\":{\"layout\":\"1-2,1-2\"},\"children\":[{\"type\":\"column\",\"props\":{\"position_sticky_breakpoint\":\"m\",\"image_position\":\"center-center\",\"media_overlay_gradient\":\"\",\"width_medium\":\"1-2\"},\"children\":[{\"type\":\"button\",\"props\":{\"grid_column_gap\":\"small\",\"grid_row_gap\":\"small\",\"margin\":\"default\"},\"children\":[{\"type\":\"button_item\",\"props\":{\"button_style\":\"default\",\"icon_align\":\"left\",\"content\":\"Essayez d\\u00e8s maintenant gratuitement >\",\"link\":\"https:\\\/\\\/usehalo.com\\\/trial\\\/\",\"icon\":\"settings\",\"link_target\":\"blank\"}}]}]},{\"type\":\"column\",\"props\":{\"position_sticky_breakpoint\":\"m\",\"image_position\":\"center-center\",\"media_overlay_gradient\":\"\",\"width_medium\":\"1-2\"},\"children\":[{\"type\":\"button\",\"props\":{\"grid_column_gap\":\"small\",\"grid_row_gap\":\"small\",\"margin\":\"default\"},\"children\":[{\"type\":\"button_item\",\"props\":{\"button_style\":\"default\",\"icon_align\":\"left\",\"content\":\"R\\u00e9servez une d\\u00e9mo >\",\"link\":\"https:\\\/\\\/digicomcorporation.com\\\/\",\"icon\":\"calendar\"}}]}]}]}]}],\"version\":\"2.7.22\"} --><\/p>\n","protected":false},"excerpt":{"rendered":"<p>La plateforme tout-en-un qui red\u00e9finit la gestion des services et des op\u00e9rations IT. Digicom, le partenaire officiel HaloITSM et HaloPSA en France D\u00e9couvrez la plateforme unifi\u00e9e pens\u00e9e pour transformer votre mani\u00e8re de travailler. Con\u00e7ue pour les entreprises modernes, elle associe automatisation intelligente des workflows, simplicit\u00e9 no-code et solutions cl\u00e9s en main pour \u00e9tablir un nouveau [&hellip;]<\/p>\n","protected":false},"author":2,"featured_media":0,"parent":7007,"menu_order":0,"comment_status":"closed","ping_status":"closed","template":"","meta":{"_acf_changed":false,"footnotes":""},"acf":[],"yoast_head":"<!-- This site is optimized with the Yoast SEO plugin v24.5 - https:\/\/yoast.com\/wordpress\/plugins\/seo\/ -->\n<title>Halo France | Digicom Corporation, IT Consulting &amp; ServiceNow Partner<\/title>\n<meta name=\"description\" content=\"D\u00e9couvrez Halo ITSM et Halo PSA, les solutions unifi\u00e9es de gestion et d\u2019automatisation des services IT. Une plateforme tout-en-un pour transformer vos workflows, moderniser vos op\u00e9rations et atteindre des r\u00e9sultats exceptionnels.\" \/>\n<meta name=\"robots\" content=\"index, follow, max-snippet:-1, max-image-preview:large, max-video-preview:-1\" \/>\n<link rel=\"canonical\" href=\"https:\/\/digicomcorporation.com\/fr\/actualites\/evenements\/petit-dejeuner-conference-ia-data-quality-experience-client\/\" \/>\n<meta property=\"og:locale\" content=\"fr_FR\" \/>\n<meta property=\"og:type\" content=\"article\" \/>\n<meta property=\"og:title\" content=\"Partenaire Halo en France \u2013 Solutions ITSM et PSA unifi\u00e9es\" \/>\n<meta property=\"og:description\" content=\"D\u00e9couvrez Halo ITSM et Halo PSA, les solutions unifi\u00e9es de gestion et d\u2019automatisation des services IT. Une plateforme tout-en-un pour transformer vos workflows, moderniser vos op\u00e9rations et atteindre des r\u00e9sultats exceptionnels.\" \/>\n<meta property=\"og:url\" content=\"https:\/\/digicomcorporation.com\/fr\/actualites\/evenements\/petit-dejeuner-conference-ia-data-quality-experience-client\/\" \/>\n<meta property=\"og:site_name\" content=\"Digicom Corporation, IT Consulting &amp; ServiceNow Partner\" \/>\n<meta property=\"article:modified_time\" content=\"2025-08-06T13:37:07+00:00\" \/>\n<meta name=\"twitter:card\" content=\"summary_large_image\" \/>\n<meta name=\"twitter:label1\" content=\"Dur\u00e9e de lecture estim\u00e9e\" \/>\n\t<meta name=\"twitter:data1\" content=\"3 minutes\" \/>\n<!-- \/ Yoast SEO plugin. -->","yoast_head_json":{"title":"Halo France | Digicom Corporation, IT Consulting &amp; ServiceNow Partner","description":"D\u00e9couvrez Halo ITSM et Halo PSA, les solutions unifi\u00e9es de gestion et d\u2019automatisation des services IT. Une plateforme tout-en-un pour transformer vos workflows, moderniser vos op\u00e9rations et atteindre des r\u00e9sultats exceptionnels.","robots":{"index":"index","follow":"follow","max-snippet":"max-snippet:-1","max-image-preview":"max-image-preview:large","max-video-preview":"max-video-preview:-1"},"canonical":"https:\/\/digicomcorporation.com\/fr\/actualites\/evenements\/petit-dejeuner-conference-ia-data-quality-experience-client\/","og_locale":"fr_FR","og_type":"article","og_title":"Partenaire Halo en France \u2013 Solutions ITSM et PSA unifi\u00e9es","og_description":"D\u00e9couvrez Halo ITSM et Halo PSA, les solutions unifi\u00e9es de gestion et d\u2019automatisation des services IT. Une plateforme tout-en-un pour transformer vos workflows, moderniser vos op\u00e9rations et atteindre des r\u00e9sultats exceptionnels.","og_url":"https:\/\/digicomcorporation.com\/fr\/actualites\/evenements\/petit-dejeuner-conference-ia-data-quality-experience-client\/","og_site_name":"Digicom Corporation, IT Consulting &amp; ServiceNow Partner","article_modified_time":"2025-08-06T13:37:07+00:00","twitter_card":"summary_large_image","twitter_misc":{"Dur\u00e9e de lecture estim\u00e9e":"3 minutes"},"schema":{"@context":"https:\/\/schema.org","@graph":[{"@type":"WebPage","@id":"https:\/\/digicomcorporation.com\/fr\/actualites\/evenements\/petit-dejeuner-conference-ia-data-quality-experience-client\/","url":"https:\/\/digicomcorporation.com\/fr\/actualites\/evenements\/petit-dejeuner-conference-ia-data-quality-experience-client\/","name":"Halo France | Digicom Corporation, IT Consulting &amp; ServiceNow Partner","isPartOf":{"@id":"https:\/\/digicomcorporation.com\/fr\/#website"},"datePublished":"2025-07-11T10:58:58+00:00","dateModified":"2025-08-06T13:37:07+00:00","description":"D\u00e9couvrez Halo ITSM et Halo PSA, les solutions unifi\u00e9es de gestion et d\u2019automatisation des services IT. Une plateforme tout-en-un pour transformer vos workflows, moderniser vos op\u00e9rations et atteindre des r\u00e9sultats exceptionnels.","breadcrumb":{"@id":"https:\/\/digicomcorporation.com\/fr\/actualites\/evenements\/petit-dejeuner-conference-ia-data-quality-experience-client\/#breadcrumb"},"inLanguage":"fr-FR","potentialAction":[{"@type":"ReadAction","target":["https:\/\/digicomcorporation.com\/fr\/actualites\/evenements\/petit-dejeuner-conference-ia-data-quality-experience-client\/"]}]},{"@type":"BreadcrumbList","@id":"https:\/\/digicomcorporation.com\/fr\/actualites\/evenements\/petit-dejeuner-conference-ia-data-quality-experience-client\/#breadcrumb","itemListElement":[{"@type":"ListItem","position":1,"name":"Expertises","item":"https:\/\/digicomcorporation.com\/fr\/expertises\/"},{"@type":"ListItem","position":2,"name":"Halo France"}]},{"@type":"WebSite","@id":"https:\/\/digicomcorporation.com\/fr\/#website","url":"https:\/\/digicomcorporation.com\/fr\/","name":"Digicom Corporation, IT Consulting &amp; ServiceNow Partner","description":"Profitez du Consulting IT au meilleur rapport efficacit\u00e9 \/ prix sur les technologies Cloud ServiceNow, SAP et SalesForce.","publisher":{"@id":"https:\/\/digicomcorporation.com\/fr\/#organization"},"potentialAction":[{"@type":"SearchAction","target":{"@type":"EntryPoint","urlTemplate":"https:\/\/digicomcorporation.com\/fr\/?s={search_term_string}"},"query-input":{"@type":"PropertyValueSpecification","valueRequired":true,"valueName":"search_term_string"}}],"inLanguage":"fr-FR"},{"@type":"Organization","@id":"https:\/\/digicomcorporation.com\/fr\/#organization","name":"Digicom Corporation","url":"https:\/\/digicomcorporation.com\/fr\/","logo":{"@type":"ImageObject","inLanguage":"fr-FR","@id":"https:\/\/digicomcorporation.com\/fr\/#\/schema\/logo\/image\/","url":"https:\/\/digicomcorporation.com\/wp-content\/uploads\/2021\/08\/Logo-Digicom-Corporation-500.svg","contentUrl":"https:\/\/digicomcorporation.com\/wp-content\/uploads\/2021\/08\/Logo-Digicom-Corporation-500.svg","width":1,"height":1,"caption":"Digicom Corporation"},"image":{"@id":"https:\/\/digicomcorporation.com\/fr\/#\/schema\/logo\/image\/"},"sameAs":["https:\/\/www.linkedin.com\/company\/digicom-corporation\/"]}]}},"_links":{"self":[{"href":"https:\/\/digicomcorporation.com\/fr\/wp-json\/wp\/v2\/pages\/9902"}],"collection":[{"href":"https:\/\/digicomcorporation.com\/fr\/wp-json\/wp\/v2\/pages"}],"about":[{"href":"https:\/\/digicomcorporation.com\/fr\/wp-json\/wp\/v2\/types\/page"}],"author":[{"embeddable":true,"href":"https:\/\/digicomcorporation.com\/fr\/wp-json\/wp\/v2\/users\/2"}],"replies":[{"embeddable":true,"href":"https:\/\/digicomcorporation.com\/fr\/wp-json\/wp\/v2\/comments?post=9902"}],"version-history":[{"count":32,"href":"https:\/\/digicomcorporation.com\/fr\/wp-json\/wp\/v2\/pages\/9902\/revisions"}],"predecessor-version":[{"id":10144,"href":"https:\/\/digicomcorporation.com\/fr\/wp-json\/wp\/v2\/pages\/9902\/revisions\/10144"}],"up":[{"embeddable":true,"href":"https:\/\/digicomcorporation.com\/fr\/wp-json\/wp\/v2\/pages\/7007"}],"wp:attachment":[{"href":"https:\/\/digicomcorporation.com\/fr\/wp-json\/wp\/v2\/media?parent=9902"}],"curies":[{"name":"wp","href":"https:\/\/api.w.org\/{rel}","templated":true}]}}