{"id":9776,"date":"2025-07-07T13:55:37","date_gmt":"2025-07-07T13:55:37","guid":{"rendered":"https:\/\/digicomcorporation.com\/?page_id=9776"},"modified":"2025-07-08T11:33:06","modified_gmt":"2025-07-08T11:33:06","slug":"evenements-et-conferences-ia-itsm-itil","status":"publish","type":"page","link":"https:\/\/digicomcorporation.com\/fr\/evenements-et-conferences-ia-itsm-itil\/","title":{"rendered":"\u00c9v\u00e8nements et conf\u00e9rences IA, ITSM &amp; ITIL"},"content":{"rendered":"<h1>\u00c9v\u00e8nements et conf\u00e9rences<\/h1>\n<h2>Retrouvez ici tous nos \u00e9v\u00e8nements et conf\u00e9rences sur l&#8217;IA, ITSM &amp; ITIL<\/h2>\n<p><a href=\"\/fr\/evenements-et-conferences-ia-itsm-itil\/agents-ia-modele-mcp-logiciels-itsm\/\"><img decoding=\"async\" src=\"\/wp-content\/uploads\/2025\/07\/Digicom-conference-IA-2025-Maison-Alsace.jpg\" alt=\"\"><\/a><\/p>\n<p>\n    <a href=\"\/fr\/evenements-et-conferences-ia-itsm-itil\/agents-ia-modele-mcp-logiciels-itsm\/\">Agents IA, le mod\u00e8le MCP et outils ITSM<\/a>\n<\/p>\n<p><img decoding=\"async\" src=\"\/wp-content\/uploads\/2025\/07\/Digicom-conference-IA-2025-Novencia.jpg\" alt=\"\"><\/p>\n<p>\n    <a href=\"\/fr\/evenements-et-conferences-ia-itsm-itil\/data-quality-ia-levier-metier\/\">Data Quality &#038; l\u2019IA comme levier m\u00e9tier<\/a>\n<\/p>\n<p><!--more--><br \/>\n<!-- {\"type\":\"layout\",\"children\":[{\"type\":\"section\",\"props\":{\"style\":\"default\",\"width\":\"default\",\"vertical_align\":\"middle\",\"title_position\":\"top-left\",\"title_rotation\":\"left\",\"title_breakpoint\":\"xl\",\"image_position\":\"center-center\"},\"children\":[{\"type\":\"row\",\"children\":[{\"type\":\"column\",\"props\":{\"position_sticky_breakpoint\":\"m\",\"image_position\":\"center-center\",\"media_overlay_gradient\":\"\"},\"children\":[{\"type\":\"headline\",\"props\":{\"title_element\":\"h1\",\"content\":\"\\u00c9v\\u00e8nements et conf\\u00e9rences\"}},{\"type\":\"headline\",\"props\":{\"title_element\":\"h2\",\"content\":\"Retrouvez ici tous nos \\u00e9v\\u00e8nements et conf\\u00e9rences sur l'IA, ITSM &amp; ITIL\",\"title_style\":\"h4\"}}]}]},{\"type\":\"row\",\"props\":{\"layout\":\"1-3,1-3,1-3\"},\"children\":[{\"type\":\"column\",\"props\":{\"position_sticky_breakpoint\":\"m\",\"image_position\":\"center-center\",\"media_overlay_gradient\":\"\",\"width_medium\":\"1-3\"},\"children\":[{\"type\":\"image\",\"props\":{\"margin\":\"default\",\"image_svg_color\":\"emphasis\",\"image\":\"wp-content\\\/uploads\\\/2025\\\/07\\\/Digicom-conference-IA-2025-Maison-Alsace.jpg\",\"link\":\"fr\\\/evenements-et-conferences-ia-itsm-itil\\\/agents-ia-modele-mcp-logiciels-itsm\\\/\"}},{\"type\":\"button\",\"props\":{\"grid_column_gap\":\"small\",\"grid_row_gap\":\"small\",\"margin\":\"default\",\"text_align\":\"center\"},\"children\":[{\"type\":\"button_item\",\"props\":{\"button_style\":\"default\",\"icon_align\":\"left\",\"content\":\"Agents IA, le mod\\u00e8le MCP et outils ITSM\",\"link\":\"fr\\\/evenements-et-conferences-ia-itsm-itil\\\/agents-ia-modele-mcp-logiciels-itsm\\\/\"}}]}]},{\"type\":\"column\",\"props\":{\"position_sticky_breakpoint\":\"m\",\"image_position\":\"center-center\",\"media_overlay_gradient\":\"\",\"width_medium\":\"1-3\"},\"children\":[{\"type\":\"image\",\"props\":{\"margin\":\"default\",\"image_svg_color\":\"emphasis\",\"image\":\"wp-content\\\/uploads\\\/2025\\\/07\\\/Digicom-conference-IA-2025-Novencia.jpg\",\"link\":\"\"}},{\"type\":\"button\",\"props\":{\"grid_column_gap\":\"small\",\"grid_row_gap\":\"small\",\"margin\":\"default\",\"text_align\":\"center\"},\"children\":[{\"type\":\"button_item\",\"props\":{\"button_style\":\"default\",\"icon_align\":\"left\",\"content\":\"Data Quality & l\\u2019IA comme levier m\\u00e9tier\",\"link\":\"fr\\\/evenements-et-conferences-ia-itsm-itil\\\/data-quality-ia-levier-metier\\\/\",\"link_title\":\"\"}}]}]},{\"type\":\"column\",\"props\":{\"position_sticky_breakpoint\":\"m\",\"image_position\":\"center-center\",\"media_overlay_gradient\":\"\",\"width_medium\":\"1-3\"},\"children\":[]}]}]}],\"version\":\"2.7.22\"} --><\/p>\n","protected":false},"excerpt":{"rendered":"<p>\u00c9v\u00e8nements et conf\u00e9rences Retrouvez ici tous nos \u00e9v\u00e8nements et conf\u00e9rences sur l&#8217;IA, ITSM &amp; ITIL Agents IA, le mod\u00e8le MCP et outils ITSM Data Quality &#038; l\u2019IA comme levier m\u00e9tier<\/p>\n","protected":false},"author":2,"featured_media":0,"parent":0,"menu_order":0,"comment_status":"closed","ping_status":"closed","template":"","meta":{"_acf_changed":false,"footnotes":""},"acf":[],"yoast_head":"<!-- This site is optimized with the Yoast SEO plugin v24.5 - https:\/\/yoast.com\/wordpress\/plugins\/seo\/ -->\n<title>\u00c9v\u00e8nements et conf\u00e9rences IA, ITSM &amp; ITIL | Digicom Corporation, IT Consulting &amp; ServiceNow Partner<\/title>\n<meta name=\"robots\" content=\"index, follow, max-snippet:-1, max-image-preview:large, max-video-preview:-1\" \/>\n<link rel=\"canonical\" href=\"https:\/\/digicomcorporation.com\/fr\/actualites\/evenements\/petit-dejeuner-conference-ia-data-quality-experience-client\/\" \/>\n<meta property=\"og:locale\" content=\"fr_FR\" \/>\n<meta property=\"og:type\" content=\"article\" \/>\n<meta property=\"og:title\" content=\"\u00c9v\u00e8nements et conf\u00e9rences IA, ITSM &amp; ITIL | Digicom Corporation, IT Consulting &amp; ServiceNow Partner\" \/>\n<meta property=\"og:description\" content=\"\u00c9v\u00e8nements et conf\u00e9rences Retrouvez ici tous nos \u00e9v\u00e8nements et conf\u00e9rences sur l&#8217;IA, ITSM &amp; ITIL Agents IA, le mod\u00e8le MCP et outils ITSM Data Quality &#038; l\u2019IA comme levier m\u00e9tier\" \/>\n<meta property=\"og:url\" content=\"https:\/\/digicomcorporation.com\/fr\/actualites\/evenements\/petit-dejeuner-conference-ia-data-quality-experience-client\/\" \/>\n<meta property=\"og:site_name\" content=\"Digicom Corporation, IT Consulting &amp; ServiceNow Partner\" \/>\n<meta property=\"article:modified_time\" content=\"2025-07-08T11:33:06+00:00\" \/>\n<meta name=\"twitter:card\" content=\"summary_large_image\" \/>\n<!-- \/ Yoast SEO plugin. -->","yoast_head_json":{"title":"\u00c9v\u00e8nements et conf\u00e9rences IA, ITSM &amp; ITIL | Digicom Corporation, IT Consulting &amp; ServiceNow Partner","robots":{"index":"index","follow":"follow","max-snippet":"max-snippet:-1","max-image-preview":"max-image-preview:large","max-video-preview":"max-video-preview:-1"},"canonical":"https:\/\/digicomcorporation.com\/fr\/actualites\/evenements\/petit-dejeuner-conference-ia-data-quality-experience-client\/","og_locale":"fr_FR","og_type":"article","og_title":"\u00c9v\u00e8nements et conf\u00e9rences IA, ITSM &amp; ITIL | Digicom Corporation, IT Consulting &amp; ServiceNow Partner","og_description":"\u00c9v\u00e8nements et conf\u00e9rences Retrouvez ici tous nos \u00e9v\u00e8nements et conf\u00e9rences sur l&#8217;IA, ITSM &amp; ITIL Agents IA, le mod\u00e8le MCP et outils ITSM Data Quality &#038; l\u2019IA comme levier m\u00e9tier","og_url":"https:\/\/digicomcorporation.com\/fr\/actualites\/evenements\/petit-dejeuner-conference-ia-data-quality-experience-client\/","og_site_name":"Digicom Corporation, IT Consulting &amp; ServiceNow Partner","article_modified_time":"2025-07-08T11:33:06+00:00","twitter_card":"summary_large_image","schema":{"@context":"https:\/\/schema.org","@graph":[{"@type":"WebPage","@id":"https:\/\/digicomcorporation.com\/fr\/actualites\/evenements\/petit-dejeuner-conference-ia-data-quality-experience-client\/","url":"https:\/\/digicomcorporation.com\/fr\/actualites\/evenements\/petit-dejeuner-conference-ia-data-quality-experience-client\/","name":"\u00c9v\u00e8nements et conf\u00e9rences IA, ITSM &amp; ITIL | Digicom Corporation, IT Consulting &amp; ServiceNow Partner","isPartOf":{"@id":"https:\/\/digicomcorporation.com\/fr\/#website"},"datePublished":"2025-07-07T13:55:37+00:00","dateModified":"2025-07-08T11:33:06+00:00","inLanguage":"fr-FR","potentialAction":[{"@type":"ReadAction","target":["https:\/\/digicomcorporation.com\/fr\/actualites\/evenements\/petit-dejeuner-conference-ia-data-quality-experience-client\/"]}]},{"@type":"WebSite","@id":"https:\/\/digicomcorporation.com\/fr\/#website","url":"https:\/\/digicomcorporation.com\/fr\/","name":"Digicom Corporation, IT Consulting &amp; ServiceNow Partner","description":"Profitez du Consulting IT au meilleur rapport efficacit\u00e9 \/ prix sur les technologies Cloud ServiceNow, SAP et SalesForce.","publisher":{"@id":"https:\/\/digicomcorporation.com\/fr\/#organization"},"potentialAction":[{"@type":"SearchAction","target":{"@type":"EntryPoint","urlTemplate":"https:\/\/digicomcorporation.com\/fr\/?s={search_term_string}"},"query-input":{"@type":"PropertyValueSpecification","valueRequired":true,"valueName":"search_term_string"}}],"inLanguage":"fr-FR"},{"@type":"Organization","@id":"https:\/\/digicomcorporation.com\/fr\/#organization","name":"Digicom Corporation","url":"https:\/\/digicomcorporation.com\/fr\/","logo":{"@type":"ImageObject","inLanguage":"fr-FR","@id":"https:\/\/digicomcorporation.com\/fr\/#\/schema\/logo\/image\/","url":"https:\/\/digicomcorporation.com\/wp-content\/uploads\/2021\/08\/Logo-Digicom-Corporation-500.svg","contentUrl":"https:\/\/digicomcorporation.com\/wp-content\/uploads\/2021\/08\/Logo-Digicom-Corporation-500.svg","width":1,"height":1,"caption":"Digicom Corporation"},"image":{"@id":"https:\/\/digicomcorporation.com\/fr\/#\/schema\/logo\/image\/"},"sameAs":["https:\/\/www.linkedin.com\/company\/digicom-corporation\/"]}]}},"_links":{"self":[{"href":"https:\/\/digicomcorporation.com\/fr\/wp-json\/wp\/v2\/pages\/9776"}],"collection":[{"href":"https:\/\/digicomcorporation.com\/fr\/wp-json\/wp\/v2\/pages"}],"about":[{"href":"https:\/\/digicomcorporation.com\/fr\/wp-json\/wp\/v2\/types\/page"}],"author":[{"embeddable":true,"href":"https:\/\/digicomcorporation.com\/fr\/wp-json\/wp\/v2\/users\/2"}],"replies":[{"embeddable":true,"href":"https:\/\/digicomcorporation.com\/fr\/wp-json\/wp\/v2\/comments?post=9776"}],"version-history":[{"count":10,"href":"https:\/\/digicomcorporation.com\/fr\/wp-json\/wp\/v2\/pages\/9776\/revisions"}],"predecessor-version":[{"id":9900,"href":"https:\/\/digicomcorporation.com\/fr\/wp-json\/wp\/v2\/pages\/9776\/revisions\/9900"}],"wp:attachment":[{"href":"https:\/\/digicomcorporation.com\/fr\/wp-json\/wp\/v2\/media?parent=9776"}],"curies":[{"name":"wp","href":"https:\/\/api.w.org\/{rel}","templated":true}]}}