{"id":7151,"date":"2022-09-01T13:43:28","date_gmt":"2022-09-01T13:43:28","guid":{"rendered":"http:\/\/v2.digicomcorporation.fr\/?page_id=7151"},"modified":"2022-12-19T09:40:35","modified_gmt":"2022-12-19T09:40:35","slug":"candidature-spontanee","status":"publish","type":"page","link":"https:\/\/digicomcorporation.com\/fr\/carriere\/candidature-spontanee\/","title":{"rendered":"Candidature spontan\u00e9e"},"content":{"rendered":"<h1>Envie d&#8217;exprimez vos <span class=\"uk-text-danger\">talents<\/span> ?<\/h1>\n<h3>\n<p>Vous cherchez un emploi dans une <strong>entreprise de service en num\u00e9rique<\/strong> et travailler sur des <strong>projets qui comptent<\/strong>, alors \u00eates au bon endroit !<\/p>\n<\/h3>\n<div>\n<p>Nous vous invitons \u00e0 rejoindre une entreprise de conseil et d\u00e9veloppement en informatique fort de <strong>30 ann\u00e9es d\u2019exp\u00e9rience<\/strong> et compos\u00e9e d&#8217;<strong>\u00e9quipes \u00e0 tailles humaines<\/strong>.<\/p>\n<p>Nous sommes constamment en phase de recrutement : chefs de projet, programmeurs, experts ServiceNow, ing\u00e9nieurs d&#8217;affaire, charg\u00e9s de recrutement &#8230; <strong>et vous qui \u00eates vous ?<\/strong><\/p>\n<\/div>\n<p><img decoding=\"async\" src=\"\/wp-content\/uploads\/2022\/09\/Rejoindre-Digicom-Carriere.jpg\" alt=\"Digicom candidature spontan\u00e9e\"><\/p>\n<h2>Dites nous <span class=\"uk-text-danger\">en plus<\/span><\/h2>\n<div>\n\n<div class=\"wpcf7 no-js\" id=\"wpcf7-f5962-o1\" lang=\"en-US\" dir=\"ltr\">\n<div class=\"screen-reader-response\"><p role=\"status\" aria-live=\"polite\" aria-atomic=\"true\"><\/p> <ul><\/ul><\/div>\n<form action=\"\/fr\/wp-json\/wp\/v2\/pages\/7151#wpcf7-f5962-o1\" method=\"post\" class=\"wpcf7-form init\" aria-label=\"Contact form\" enctype=\"multipart\/form-data\" novalidate=\"novalidate\" data-status=\"init\">\n<div style=\"display: none;\">\n<input type=\"hidden\" name=\"_wpcf7\" value=\"5962\" \/>\n<input type=\"hidden\" name=\"_wpcf7_version\" value=\"5.9.8\" \/>\n<input type=\"hidden\" name=\"_wpcf7_locale\" value=\"en_US\" \/>\n<input type=\"hidden\" name=\"_wpcf7_unit_tag\" value=\"wpcf7-f5962-o1\" \/>\n<input type=\"hidden\" name=\"_wpcf7_container_post\" value=\"0\" \/>\n<input type=\"hidden\" name=\"_wpcf7_posted_data_hash\" value=\"\" \/>\n<input type=\"hidden\" name=\"_wpcf7_recaptcha_response\" value=\"\" \/>\n<\/div>\n<div class=\"uk-grid uk-grid-small\">\n\t<div class=\"uk-margin uk-width-1-1\" style=\"margin-top: 8px !important;\">\n\t\t<p><label class=\"uk-form-label\">Nom*<\/label>\n\t\t<\/p>\n\t\t<div class=\"uk-form-controls\" style=\"margin-top:8px;\">\n\t\t\t<p><span class=\"wpcf7-form-control-wrap\" data-name=\"Nom\"><input size=\"40\" maxlength=\"400\" class=\"wpcf7-form-control wpcf7-text wpcf7-validates-as-required uk-input\" aria-required=\"true\" aria-invalid=\"false\" placeholder=\"Votre nom\" value=\"\" type=\"text\" name=\"Nom\" \/><\/span>\n\t\t\t<\/p>\n\t\t<\/div>\n\t<\/div>\n\t<div class=\"uk-margin uk-width-1-1\" style=\"margin-top: 8px !important;\">\n\t\t<p><label class=\"uk-form-label\">Email*<\/label>\n\t\t<\/p>\n\t\t<div class=\"uk-form-controls\" style=\"margin-top:8px;\">\n\t\t\t<p><span class=\"wpcf7-form-control-wrap\" data-name=\"Email\"><input size=\"40\" maxlength=\"400\" class=\"wpcf7-form-control wpcf7-email wpcf7-validates-as-required wpcf7-text wpcf7-validates-as-email uk-input\" aria-required=\"true\" aria-invalid=\"false\" placeholder=\"Votre email\" value=\"\" type=\"email\" name=\"Email\" \/><\/span>\n\t\t\t<\/p>\n\t\t<\/div>\n\t<\/div>\n\t<div class=\"uk-margin uk-width-1-1\" style=\"margin-top: 8px !important;\">\n\t\t<p><label class=\"uk-form-label\">T\u00e9l\u00e9phone *<\/label>\n\t\t<\/p>\n\t\t<div class=\"uk-form-controls\" style=\"margin-top:8px;\">\n\t\t\t<p><span class=\"wpcf7-form-control-wrap\" data-name=\"Telephone\"><input size=\"40\" maxlength=\"10\" minlength=\"10\" class=\"wpcf7-form-control wpcf7-tel wpcf7-validates-as-required wpcf7-text wpcf7-validates-as-tel uk-input\" aria-required=\"true\" aria-invalid=\"false\" placeholder=\"T\u00e9l\u00e9phone\" value=\"\" type=\"tel\" name=\"Telephone\" \/><\/span>\n\t\t\t<\/p>\n\t\t<\/div>\n\t<\/div>\n\t<div class=\"uk-margin uk-width-1-1\" style=\"margin-top: 8px !important;\">\n\t\t<p><label class=\"uk-form-label\">A vous la parole<\/label>\n\t\t<\/p>\n\t\t<div class=\"uk-form-controls\" style=\"margin-top:8px;\">\n\t\t\t<p><span class=\"wpcf7-form-control-wrap\" data-name=\"textarea-433\"><textarea cols=\"40\" rows=\"10\" maxlength=\"2000\" class=\"wpcf7-form-control wpcf7-textarea\" aria-invalid=\"false\" name=\"textarea-433\"><\/textarea><\/span>\n\t\t\t<\/p>\n\t\t<\/div>\n\t<\/div>\n\t<div class=\"uk-margin uk-width-1-1\" style=\"margin-top: 8px !important;\">\n\t\t<p><label class=\"uk-form-label\">Votre CV (pdf, doc, docx)<\/label>\n\t\t<\/p>\n\t\t<div class=\"uk-form-controls uk-margin-small\">\n\t\t\t<p><span class=\"wpcf7-form-control-wrap\" data-name=\"file-318\"><input size=\"40\" class=\"wpcf7-form-control wpcf7-file\" accept=\".pdf,.doc,.docx\" aria-invalid=\"false\" type=\"file\" name=\"file-318\" \/><\/span>\n\t\t\t<\/p>\n\t\t<\/div>\n\t<\/div>\n\t<div class=\"uk-margin uk-width-1-1\" style=\"margin-top: 8px !important;\">\n\t\t<p><label class=\"rgpd uk-form-label\" style=\"font-size: 12px; line-height: 16px;\"><span class=\"wpcf7-form-control-wrap\" data-name=\"rgpd\"><span class=\"wpcf7-form-control wpcf7-checkbox\"><span class=\"wpcf7-list-item first last\"><input type=\"checkbox\" name=\"rgpd[]\" value=\"Je souhaite recevoir la lettre d&#039;information Digicom. Un lien de d\u00e9sinscription est pr\u00e9sent dans toutes nos communications. Nous utilisons votre adresse email uniquement en interne, elle ne sera en aucun cas diffus\u00e9e ou vendue \u00e0 des tiers.\" \/><span class=\"wpcf7-list-item-label\">Je souhaite recevoir la lettre d&#039;information Digicom. Un lien de d\u00e9sinscription est pr\u00e9sent dans toutes nos communications. Nous utilisons votre adresse email uniquement en interne, elle ne sera en aucun cas diffus\u00e9e ou vendue \u00e0 des tiers.<\/span><\/span><\/span><\/span><br \/>\n<\/label>\n\t\t<\/p>\n\t<\/div>\n\t<div class=\"uk-width-1-2@s rdv_submit\" style=\"margin-top: 8px;\">\n\t\t<p><input class=\"wpcf7-form-control wpcf7-submit has-spinner uk-button uk-button-default uk-button-large\" type=\"submit\" value=\"Envoyer\" \/>\n\t\t<\/p>\n\t<\/div>\n<\/div>\n<p><script>\ndocument.addEventListener( 'wpcf7mailsent', function( event ) {\n location = '\/remerciements';\n}, false );\n<\/script>\n<\/p><div class=\"wpcf7-response-output\" aria-hidden=\"true\"><\/div>\n<\/form>\n<\/div>\n<\/div>\n<p><!--more--><br \/>\n<!-- {\"name\":\"Template page niveau 1\",\"type\":\"layout\",\"children\":[{\"type\":\"section\",\"props\":{\"style\":\"default\",\"width\":\"default\",\"vertical_align\":\"middle\",\"title_position\":\"top-left\",\"title_rotation\":\"left\",\"title_breakpoint\":\"xl\",\"image_position\":\"center-center\",\"padding\":\"none\",\"css\":\".el-section {\\n\\tmargin-top: 24px;\\n}\\n\\n@media screen and (max-width: 425px) {\\n    .el-section .uk-first-column {\\n    \\tpadding-right: 0;\\n    }\\n}\",\"id\":\"dev_app_services\",\"animation\":\"slide-bottom-medium\"},\"children\":[{\"type\":\"row\",\"props\":{\"layout\":\"1-2,1-2\",\"column_gap\":\"large\"},\"children\":[{\"type\":\"column\",\"props\":{\"image_position\":\"center-center\",\"media_overlay_gradient\":\"\",\"width_medium\":\"1-2\",\"css\":\".el-column {\\n\\tpadding-right: 65px;\\n}\",\"position_sticky_breakpoint\":\"m\"},\"children\":[{\"type\":\"breadcrumbs\",\"props\":{\"show_home\":true,\"show_current\":true,\"css\":\".el-element {\\n\\tmargin-top: 0;\\n}\\n\\n.el-element .uk-breadcrumb > :nth-child(n+2):not(.uk-first-column)::before {\\n\\t    content: '';\\n    background-image: url(https:\\\/\\\/digicomcorporation.com\\\/wp-content\\\/uploads\\\/2021\\\/08\\\/arrows-diagrams-arrow@3x.png);\\n    height: 24px;\\n    width: 24px;\\n    background-size: cover;\\n    background-repeat: no-repeat;\\n    margin-bottom: -7px !important;\\n    margin: 0;\\n}\\n\\n@media screen and (max-width: 425px) {\\n    .el-element {\\n    \\tmargin-top: 32px;\\n    }\\n    \\n    .el-element a,\\n    .el-element span {\\n    \\tfont-size: 12px !important;\\n    }\\n    \\n    .el-element .uk-breadcrumb > :nth-child(n+2):not(.uk-first-column)::before {\\n    \\theight: 18px;\\n    \\twidth: 18px;\\n        margin-bottom: -5px !important;\\n    }\\n}\"},\"modified\":\"2021-08-05T08:19:31.475Z\",\"name\":\"Breadcrumbs Services\"}]},{\"type\":\"column\",\"props\":{\"image_position\":\"center-center\",\"media_overlay_gradient\":\"\",\"width_medium\":\"1-2\",\"vertical_align\":\"middle\",\"position_sticky_breakpoint\":\"m\"},\"children\":[]}]}],\"name\":\"D\\u00e9veloppement applicatif\"},{\"type\":\"section\",\"props\":{\"style\":\"default\",\"width\":\"default\",\"vertical_align\":\"middle\",\"title_position\":\"top-left\",\"title_rotation\":\"left\",\"title_breakpoint\":\"xl\",\"image_position\":\"center-center\",\"padding\":\"small\",\"id\":\"dqop_services\",\"css\":\"@media screen and (max-width: 425px) {\\n    .el-section {\\n    \\tpadding: 0;\\n    }\\n}\",\"animation\":\"slide-bottom-medium\",\"padding_remove_top\":false},\"children\":[{\"type\":\"row\",\"props\":{\"layout\":\"1-2,1-2\",\"margin_remove_top\":false,\"match\":false},\"children\":[{\"type\":\"column\",\"props\":{\"image_position\":\"center-center\",\"media_overlay_gradient\":\"\",\"width_medium\":\"1-2\",\"position_sticky_breakpoint\":\"m\"},\"children\":[{\"type\":\"headline\",\"props\":{\"title_element\":\"h1\",\"content\":\"Envie d'exprimez vos <span class=\\\"uk-text-danger\\\">talents<\\\/span> ?\",\"css\":\".el-element {\\n\\tmargin-bottom: 16px;\\n}\\n\\n@media screen and (max-width: 425px) {\\n    .el-element {\\n    \\t font-size: 32px;\\n        margin-top: 0;\\n    }\\n}\",\"margin_remove_top\":true,\"title_style\":\"h4\"}},{\"type\":\"headline\",\"props\":{\"title_element\":\"h3\",\"content\":\"\n\n<p>Vous cherchez un emploi dans une <strong>entreprise de service en num\\u00e9rique<\\\/strong> et travailler sur des <strong>projets qui comptent<\\\/strong>, alors \\u00eates au bon endroit !<\\\/p>\",\"title_style\":\"h3\",\"margin\":\"remove-vertical\"}},{\"type\":\"text\",\"props\":{\"margin\":\"default\",\"column_breakpoint\":\"m\",\"content\":\"\n\n<p>Nous vous invitons \\u00e0 rejoindre une entreprise de conseil et d\\u00e9veloppement en informatique fort de <strong>30 ann\\u00e9es d\\u2019exp\\u00e9rience<\\\/strong> et compos\\u00e9e d'<strong>\\u00e9quipes \\u00e0 tailles humaines<\\\/strong>.<\\\/p>\\n\n\n<p>Nous sommes constamment en phase de recrutement : chefs de projet, programmeurs, experts ServiceNow, ing\\u00e9nieurs d'affaire, charg\\u00e9s de recrutement ... <strong>et vous qui \\u00eates vous ?<\\\/strong><\\\/p>\",\"text_style\":\"meta\"}},{\"type\":\"image\",\"props\":{\"margin\":\"default\",\"image_svg_color\":\"emphasis\",\"image\":\"wp-content\\\/uploads\\\/2022\\\/09\\\/Rejoindre-Digicom-Carriere.jpg\",\"image_alt\":\"Digicom candidature spontan\\u00e9e\"}}]},{\"type\":\"column\",\"props\":{\"image_position\":\"center-center\",\"media_overlay_gradient\":\"\",\"width_medium\":\"1-2\",\"position_sticky_breakpoint\":\"m\"},\"children\":[{\"type\":\"headline\",\"props\":{\"title_element\":\"h2\",\"content\":\"Dites nous <span class=\\\"uk-text-danger\\\">en plus<\\\/span>\",\"css\":\".el-element {\\n\\tmargin-bottom: 16px;\\n}\\n\\n@media screen and (max-width: 425px) {\\n    .el-element {\\n    \\t font-size: 32px;\\n        margin-top: 0;\\n    }\\n}\",\"title_style\":\"h4\"}},{\"type\":\"html\",\"props\":{\"content\":\"[contact-form-7 id=\\\"5962\\\" title=\\\"Formulaire-Pop-up-recrutement\\\"]\"}}]}]}],\"name\":\"De quoi on parle ?\"}],\"version\":\"2.7.22\"} --><\/p>\n","protected":false},"excerpt":{"rendered":"<p>Envie d&#8217;exprimez vos talents ? Vous cherchez un emploi dans une entreprise de service en num\u00e9rique et travailler sur des projets qui comptent, alors \u00eates au bon endroit ! Nous vous invitons \u00e0 rejoindre une entreprise de conseil et d\u00e9veloppement en informatique fort de 30 ann\u00e9es d\u2019exp\u00e9rience et compos\u00e9e d&#8217;\u00e9quipes \u00e0 tailles humaines. Nous sommes [&hellip;]<\/p>\n","protected":false},"author":2,"featured_media":0,"parent":7061,"menu_order":0,"comment_status":"closed","ping_status":"closed","template":"","meta":{"_acf_changed":false,"footnotes":""},"acf":[],"yoast_head":"<!-- This site is optimized with the Yoast SEO plugin v24.5 - https:\/\/yoast.com\/wordpress\/plugins\/seo\/ -->\n<title>Candidature spontan\u00e9e | Digicom Corporation, IT Consulting &amp; ServiceNow Partner<\/title>\n<meta name=\"robots\" content=\"index, follow, max-snippet:-1, max-image-preview:large, max-video-preview:-1\" \/>\n<link rel=\"canonical\" href=\"https:\/\/digicomcorporation.com\/fr\/carriere\/candidature-spontanee\/\" \/>\n<meta property=\"og:locale\" content=\"fr_FR\" \/>\n<meta property=\"og:type\" content=\"article\" \/>\n<meta property=\"og:title\" content=\"Candidature spontan\u00e9e | Digicom Corporation, IT Consulting &amp; ServiceNow Partner\" \/>\n<meta property=\"og:description\" content=\"Envie d&#8217;exprimez vos talents ? Vous cherchez un emploi dans une entreprise de service en num\u00e9rique et travailler sur des projets qui comptent, alors \u00eates au bon endroit ! Nous vous invitons \u00e0 rejoindre une entreprise de conseil et d\u00e9veloppement en informatique fort de 30 ann\u00e9es d\u2019exp\u00e9rience et compos\u00e9e d&#8217;\u00e9quipes \u00e0 tailles humaines. Nous sommes [&hellip;]\" \/>\n<meta property=\"og:url\" content=\"https:\/\/digicomcorporation.com\/fr\/carriere\/candidature-spontanee\/\" \/>\n<meta property=\"og:site_name\" content=\"Digicom Corporation, IT Consulting &amp; ServiceNow Partner\" \/>\n<meta property=\"article:modified_time\" content=\"2022-12-19T09:40:35+00:00\" \/>\n<meta name=\"twitter:card\" content=\"summary_large_image\" \/>\n<!-- \/ Yoast SEO plugin. -->","yoast_head_json":{"title":"Candidature spontan\u00e9e | Digicom Corporation, IT Consulting &amp; ServiceNow Partner","robots":{"index":"index","follow":"follow","max-snippet":"max-snippet:-1","max-image-preview":"max-image-preview:large","max-video-preview":"max-video-preview:-1"},"canonical":"https:\/\/digicomcorporation.com\/fr\/carriere\/candidature-spontanee\/","og_locale":"fr_FR","og_type":"article","og_title":"Candidature spontan\u00e9e | Digicom Corporation, IT Consulting &amp; ServiceNow Partner","og_description":"Envie d&#8217;exprimez vos talents ? Vous cherchez un emploi dans une entreprise de service en num\u00e9rique et travailler sur des projets qui comptent, alors \u00eates au bon endroit ! Nous vous invitons \u00e0 rejoindre une entreprise de conseil et d\u00e9veloppement en informatique fort de 30 ann\u00e9es d\u2019exp\u00e9rience et compos\u00e9e d&#8217;\u00e9quipes \u00e0 tailles humaines. Nous sommes [&hellip;]","og_url":"https:\/\/digicomcorporation.com\/fr\/carriere\/candidature-spontanee\/","og_site_name":"Digicom Corporation, IT Consulting &amp; ServiceNow Partner","article_modified_time":"2022-12-19T09:40:35+00:00","twitter_card":"summary_large_image","schema":{"@context":"https:\/\/schema.org","@graph":[{"@type":"WebPage","@id":"https:\/\/digicomcorporation.com\/fr\/carriere\/candidature-spontanee\/","url":"https:\/\/digicomcorporation.com\/fr\/carriere\/candidature-spontanee\/","name":"Candidature spontan\u00e9e | Digicom Corporation, IT Consulting &amp; ServiceNow Partner","isPartOf":{"@id":"https:\/\/digicomcorporation.com\/fr\/#website"},"datePublished":"2022-09-01T13:43:28+00:00","dateModified":"2022-12-19T09:40:35+00:00","breadcrumb":{"@id":"https:\/\/digicomcorporation.com\/fr\/carriere\/candidature-spontanee\/#breadcrumb"},"inLanguage":"fr-FR","potentialAction":[{"@type":"ReadAction","target":["https:\/\/digicomcorporation.com\/fr\/carriere\/candidature-spontanee\/"]}]},{"@type":"BreadcrumbList","@id":"https:\/\/digicomcorporation.com\/fr\/carriere\/candidature-spontanee\/#breadcrumb","itemListElement":[{"@type":"ListItem","position":1,"name":"Carri\u00e8re","item":"https:\/\/digicomcorporation.com\/fr\/carriere\/"},{"@type":"ListItem","position":2,"name":"Candidature spontan\u00e9e"}]},{"@type":"WebSite","@id":"https:\/\/digicomcorporation.com\/fr\/#website","url":"https:\/\/digicomcorporation.com\/fr\/","name":"Digicom Corporation, IT Consulting &amp; ServiceNow Partner","description":"Profitez du Consulting IT au meilleur rapport efficacit\u00e9 \/ prix sur les technologies Cloud ServiceNow, SAP et SalesForce.","publisher":{"@id":"https:\/\/digicomcorporation.com\/fr\/#organization"},"potentialAction":[{"@type":"SearchAction","target":{"@type":"EntryPoint","urlTemplate":"https:\/\/digicomcorporation.com\/fr\/?s={search_term_string}"},"query-input":{"@type":"PropertyValueSpecification","valueRequired":true,"valueName":"search_term_string"}}],"inLanguage":"fr-FR"},{"@type":"Organization","@id":"https:\/\/digicomcorporation.com\/fr\/#organization","name":"Digicom Corporation","url":"https:\/\/digicomcorporation.com\/fr\/","logo":{"@type":"ImageObject","inLanguage":"fr-FR","@id":"https:\/\/digicomcorporation.com\/fr\/#\/schema\/logo\/image\/","url":"https:\/\/digicomcorporation.com\/wp-content\/uploads\/2021\/08\/Logo-Digicom-Corporation-500.svg","contentUrl":"https:\/\/digicomcorporation.com\/wp-content\/uploads\/2021\/08\/Logo-Digicom-Corporation-500.svg","width":1,"height":1,"caption":"Digicom Corporation"},"image":{"@id":"https:\/\/digicomcorporation.com\/fr\/#\/schema\/logo\/image\/"},"sameAs":["https:\/\/www.linkedin.com\/company\/digicom-corporation\/"]}]}},"_links":{"self":[{"href":"https:\/\/digicomcorporation.com\/fr\/wp-json\/wp\/v2\/pages\/7151"}],"collection":[{"href":"https:\/\/digicomcorporation.com\/fr\/wp-json\/wp\/v2\/pages"}],"about":[{"href":"https:\/\/digicomcorporation.com\/fr\/wp-json\/wp\/v2\/types\/page"}],"author":[{"embeddable":true,"href":"https:\/\/digicomcorporation.com\/fr\/wp-json\/wp\/v2\/users\/2"}],"replies":[{"embeddable":true,"href":"https:\/\/digicomcorporation.com\/fr\/wp-json\/wp\/v2\/comments?post=7151"}],"version-history":[{"count":22,"href":"https:\/\/digicomcorporation.com\/fr\/wp-json\/wp\/v2\/pages\/7151\/revisions"}],"predecessor-version":[{"id":8142,"href":"https:\/\/digicomcorporation.com\/fr\/wp-json\/wp\/v2\/pages\/7151\/revisions\/8142"}],"up":[{"embeddable":true,"href":"https:\/\/digicomcorporation.com\/fr\/wp-json\/wp\/v2\/pages\/7061"}],"wp:attachment":[{"href":"https:\/\/digicomcorporation.com\/fr\/wp-json\/wp\/v2\/media?parent=7151"}],"curies":[{"name":"wp","href":"https:\/\/api.w.org\/{rel}","templated":true}]}}