{"id":4837,"date":"2021-08-03T17:28:05","date_gmt":"2021-08-03T17:28:05","guid":{"rendered":"https:\/\/digicomcorporation.com\/?page_id=4837"},"modified":"2022-03-28T09:14:40","modified_gmt":"2022-03-28T09:14:40","slug":"inscription-newsletter","status":"publish","type":"page","link":"https:\/\/digicomcorporation.com\/fr\/inscription-newsletter\/","title":{"rendered":"S&#8217;inscrire \u00e0 notre newsletter"},"content":{"rendered":"<h1>Suivre l&#8217;actualit\u00e9 de Digicom<\/h1>\n<div>\n<p bis_size=\"{&quot;x&quot;:10,&quot;y&quot;:16,&quot;w&quot;:408,&quot;h&quot;:48,&quot;abs_x&quot;:46,&quot;abs_y&quot;:589}\">D\u00e9couvrez tous les trimestre une s\u00e9lection de contenus riches et inspirants :\u00a0<\/p>\n<ul bis_size=\"{&quot;x&quot;:10,&quot;y&quot;:80,&quot;w&quot;:408,&quot;h&quot;:96,&quot;abs_x&quot;:46,&quot;abs_y&quot;:653}\">\n<li bis_size=\"{&quot;x&quot;:50,&quot;y&quot;:80,&quot;w&quot;:368,&quot;h&quot;:24,&quot;abs_x&quot;:86,&quot;abs_y&quot;:653}\">Actualit\u00e9s IT, strat\u00e9gie, management, RH, etc.<\/li>\n<li bis_size=\"{&quot;x&quot;:50,&quot;y&quot;:104,&quot;w&quot;:368,&quot;h&quot;:24,&quot;abs_x&quot;:86,&quot;abs_y&quot;:677}\">Annonces d&#8217;emploi<\/li>\n<li bis_size=\"{&quot;x&quot;:50,&quot;y&quot;:128,&quot;w&quot;:368,&quot;h&quot;:48,&quot;abs_x&quot;:86,&quot;abs_y&quot;:701}\">\u00c9v\u00e9nements, nouveaut\u00e9s, etc.<\/li>\n<\/ul>\n<\/div>\n<p><!--more--><br \/>\n<!-- {\"type\":\"layout\",\"children\":[{\"type\":\"section\",\"props\":{\"style\":\"default\",\"width\":\"default\",\"vertical_align\":\"middle\",\"title_position\":\"top-left\",\"title_rotation\":\"left\",\"title_breakpoint\":\"xl\",\"image_position\":\"center-center\",\"padding_remove_top\":false},\"children\":[{\"type\":\"row\",\"children\":[{\"type\":\"column\",\"props\":{\"image_position\":\"center-center\",\"media_overlay_gradient\":\"\"},\"children\":[{\"type\":\"headline\",\"props\":{\"title_element\":\"h1\",\"content\":\"Suivre l'actualit\\u00e9 de Digicom\",\"title_style\":\"h2\"}},{\"type\":\"text\",\"props\":{\"margin\":\"default\",\"column_breakpoint\":\"m\",\"content\":\"\n\n<p bis_size=\\\"{&quot;x&quot;:10,&quot;y&quot;:16,&quot;w&quot;:408,&quot;h&quot;:48,&quot;abs_x&quot;:46,&quot;abs_y&quot;:589}\\\">D\\u00e9couvrez tous les trimestre une s\\u00e9lection de contenus riches et inspirants :\\u00a0<\\\/p>\\n\n\n<ul bis_size=\\\"{&quot;x&quot;:10,&quot;y&quot;:80,&quot;w&quot;:408,&quot;h&quot;:96,&quot;abs_x&quot;:46,&quot;abs_y&quot;:653}\\\">\\n\n\n<li bis_size=\\\"{&quot;x&quot;:50,&quot;y&quot;:80,&quot;w&quot;:368,&quot;h&quot;:24,&quot;abs_x&quot;:86,&quot;abs_y&quot;:653}\\\">Actualit\\u00e9s IT, strat\\u00e9gie, management, RH, etc.<\\\/li>\\n\n\n<li bis_size=\\\"{&quot;x&quot;:50,&quot;y&quot;:104,&quot;w&quot;:368,&quot;h&quot;:24,&quot;abs_x&quot;:86,&quot;abs_y&quot;:677}\\\">Annonces d'emploi<\\\/li>\\n\n\n<li bis_size=\\\"{&quot;x&quot;:50,&quot;y&quot;:128,&quot;w&quot;:368,&quot;h&quot;:48,&quot;abs_x&quot;:86,&quot;abs_y&quot;:701}\\\">\\u00c9v\\u00e9nements, nouveaut\\u00e9s, etc.<\\\/li>\\n<\\\/ul>\"}},{\"type\":\"newsletter\",\"props\":{\"layout\":\"grid\",\"show_name\":true,\"label_first_name\":\"\",\"label_last_name\":\"\",\"label_email\":\"Indiquer votre email\",\"label_button\":\"Envoyer\",\"provider\":{\"name\":\"mailchimp\",\"after_submit\":\"message\",\"message\":\"Digicom respecte votre vie priv\\u00e9e, afin de finaliser votre inscription, veuillez cliquer sur le lien re\\u00e7u par e-mail.\",\"redirect\":\"\"},\"mailchimp\":{\"client_id\":\"\",\"list_id\":\"41c85fc37f\",\"double_optin\":true},\"cmonitor\":{\"client_id\":\"\",\"list_id\":\"\"},\"button_mode\":\"button\",\"button_style\":\"default\",\"button_icon\":\"mail\",\"css\":\".el-element {\\n\\tz-index: 2;\\n}\\n\\n.uk-text-success {\\n\\tcolor: #738fb5 !important;\\n    line-height: 2;\\n    font-size: 12px;\\n}\\n\\n@media screen and (max-width:1604px) {\\n    .newsletter_content {\\n        justify-content: flex-end\\n    }\\n    \\n    .rgpd_newsletter {\\n        order: 2;\\n        margin-bottom: 16px !important;\\n    }\\n    \\n    .newsletter_button {\\n        order: 3; \\n        padding-right: 0 !important; \\n        margin-top: 16px;\\n    }\\n} \",\"id\":\"newsletter_block\"},\"modified\":\"2021-08-11T12:52:46.740Z\",\"name\":\"newsletter_dcorp\"}]}]}]}],\"version\":\"2.4.18\"} --><\/p>\n","protected":false},"excerpt":{"rendered":"<p>Suivre l&#8217;actualit\u00e9 de Digicom D\u00e9couvrez tous les trimestre une s\u00e9lection de contenus riches et inspirants :\u00a0 Actualit\u00e9s IT, strat\u00e9gie, management, RH, etc. Annonces d&#8217;emploi \u00c9v\u00e9nements, nouveaut\u00e9s, etc.<\/p>\n","protected":false},"author":2,"featured_media":0,"parent":0,"menu_order":0,"comment_status":"closed","ping_status":"closed","template":"","meta":{"_acf_changed":false,"footnotes":""},"acf":[],"yoast_head":"<!-- This site is optimized with the Yoast SEO plugin v24.5 - https:\/\/yoast.com\/wordpress\/plugins\/seo\/ -->\n<title>S&#039;inscrire \u00e0 notre newsletter | Digicom Corporation, IT Consulting &amp; ServiceNow Partner<\/title>\n<meta name=\"description\" content=\"Suivez l&#039;actualit\u00e9 de Digicom et restez inform\u00e9s de nos derni\u00e8res actualit\u00e9s, \u00e9v\u00e9nements, offres d&#039;emploi, nos actions sociales et environnementales.\" \/>\n<meta name=\"robots\" content=\"index, follow, max-snippet:-1, max-image-preview:large, max-video-preview:-1\" \/>\n<link rel=\"canonical\" href=\"https:\/\/digicomcorporation.com\/fr\/inscription-newsletter\/\" \/>\n<meta property=\"og:locale\" content=\"fr_FR\" \/>\n<meta property=\"og:type\" content=\"article\" \/>\n<meta property=\"og:title\" content=\"S&#039;inscrire \u00e0 notre newsletter | Digicom Corporation, IT Consulting &amp; ServiceNow Partner\" \/>\n<meta property=\"og:description\" content=\"Suivez l&#039;actualit\u00e9 de Digicom et restez inform\u00e9s de nos derni\u00e8res actualit\u00e9s, \u00e9v\u00e9nements, offres d&#039;emploi, nos actions sociales et environnementales.\" \/>\n<meta property=\"og:url\" content=\"https:\/\/digicomcorporation.com\/fr\/inscription-newsletter\/\" \/>\n<meta property=\"og:site_name\" content=\"Digicom Corporation, IT Consulting &amp; ServiceNow Partner\" \/>\n<meta property=\"article:modified_time\" content=\"2022-03-28T09:14:40+00:00\" \/>\n<meta name=\"twitter:card\" content=\"summary_large_image\" \/>\n<!-- \/ Yoast SEO plugin. -->","yoast_head_json":{"title":"S'inscrire \u00e0 notre newsletter | Digicom Corporation, IT Consulting &amp; ServiceNow Partner","description":"Suivez l'actualit\u00e9 de Digicom et restez inform\u00e9s de nos derni\u00e8res actualit\u00e9s, \u00e9v\u00e9nements, offres d'emploi, nos actions sociales et environnementales.","robots":{"index":"index","follow":"follow","max-snippet":"max-snippet:-1","max-image-preview":"max-image-preview:large","max-video-preview":"max-video-preview:-1"},"canonical":"https:\/\/digicomcorporation.com\/fr\/inscription-newsletter\/","og_locale":"fr_FR","og_type":"article","og_title":"S'inscrire \u00e0 notre newsletter | Digicom Corporation, IT Consulting &amp; ServiceNow Partner","og_description":"Suivez l'actualit\u00e9 de Digicom et restez inform\u00e9s de nos derni\u00e8res actualit\u00e9s, \u00e9v\u00e9nements, offres d'emploi, nos actions sociales et environnementales.","og_url":"https:\/\/digicomcorporation.com\/fr\/inscription-newsletter\/","og_site_name":"Digicom Corporation, IT Consulting &amp; ServiceNow Partner","article_modified_time":"2022-03-28T09:14:40+00:00","twitter_card":"summary_large_image","schema":{"@context":"https:\/\/schema.org","@graph":[{"@type":"WebPage","@id":"https:\/\/digicomcorporation.com\/fr\/inscription-newsletter\/","url":"https:\/\/digicomcorporation.com\/fr\/inscription-newsletter\/","name":"S'inscrire \u00e0 notre newsletter | Digicom Corporation, IT Consulting &amp; ServiceNow Partner","isPartOf":{"@id":"https:\/\/digicomcorporation.com\/fr\/#website"},"datePublished":"2021-08-03T17:28:05+00:00","dateModified":"2022-03-28T09:14:40+00:00","description":"Suivez l'actualit\u00e9 de Digicom et restez inform\u00e9s de nos derni\u00e8res actualit\u00e9s, \u00e9v\u00e9nements, offres d'emploi, nos actions sociales et environnementales.","inLanguage":"fr-FR","potentialAction":[{"@type":"ReadAction","target":["https:\/\/digicomcorporation.com\/fr\/inscription-newsletter\/"]}]},{"@type":"WebSite","@id":"https:\/\/digicomcorporation.com\/fr\/#website","url":"https:\/\/digicomcorporation.com\/fr\/","name":"Digicom Corporation, IT Consulting &amp; ServiceNow Partner","description":"Profitez du Consulting IT au meilleur rapport efficacit\u00e9 \/ prix sur les technologies Cloud ServiceNow, SAP et SalesForce.","publisher":{"@id":"https:\/\/digicomcorporation.com\/fr\/#organization"},"potentialAction":[{"@type":"SearchAction","target":{"@type":"EntryPoint","urlTemplate":"https:\/\/digicomcorporation.com\/fr\/?s={search_term_string}"},"query-input":{"@type":"PropertyValueSpecification","valueRequired":true,"valueName":"search_term_string"}}],"inLanguage":"fr-FR"},{"@type":"Organization","@id":"https:\/\/digicomcorporation.com\/fr\/#organization","name":"Digicom Corporation","url":"https:\/\/digicomcorporation.com\/fr\/","logo":{"@type":"ImageObject","inLanguage":"fr-FR","@id":"https:\/\/digicomcorporation.com\/fr\/#\/schema\/logo\/image\/","url":"https:\/\/digicomcorporation.com\/wp-content\/uploads\/2021\/08\/Logo-Digicom-Corporation-500.svg","contentUrl":"https:\/\/digicomcorporation.com\/wp-content\/uploads\/2021\/08\/Logo-Digicom-Corporation-500.svg","width":1,"height":1,"caption":"Digicom Corporation"},"image":{"@id":"https:\/\/digicomcorporation.com\/fr\/#\/schema\/logo\/image\/"},"sameAs":["https:\/\/www.linkedin.com\/company\/digicom-corporation\/"]}]}},"_links":{"self":[{"href":"https:\/\/digicomcorporation.com\/fr\/wp-json\/wp\/v2\/pages\/4837"}],"collection":[{"href":"https:\/\/digicomcorporation.com\/fr\/wp-json\/wp\/v2\/pages"}],"about":[{"href":"https:\/\/digicomcorporation.com\/fr\/wp-json\/wp\/v2\/types\/page"}],"author":[{"embeddable":true,"href":"https:\/\/digicomcorporation.com\/fr\/wp-json\/wp\/v2\/users\/2"}],"replies":[{"embeddable":true,"href":"https:\/\/digicomcorporation.com\/fr\/wp-json\/wp\/v2\/comments?post=4837"}],"version-history":[{"count":12,"href":"https:\/\/digicomcorporation.com\/fr\/wp-json\/wp\/v2\/pages\/4837\/revisions"}],"predecessor-version":[{"id":6663,"href":"https:\/\/digicomcorporation.com\/fr\/wp-json\/wp\/v2\/pages\/4837\/revisions\/6663"}],"wp:attachment":[{"href":"https:\/\/digicomcorporation.com\/fr\/wp-json\/wp\/v2\/media?parent=4837"}],"curies":[{"name":"wp","href":"https:\/\/api.w.org\/{rel}","templated":true}]}}